{"id":3760,"date":"2025-09-23T21:01:29","date_gmt":"2025-09-23T21:01:29","guid":{"rendered":"https:\/\/sterimed.com.pe\/inicio\/?post_type=product&#038;p=3760"},"modified":"2025-09-23T21:20:11","modified_gmt":"2025-09-23T21:20:11","slug":"laminilla-cubre-objeto-24-mm-x-50-mm-x-100-unds","status":"publish","type":"product","link":"https:\/\/sterimed.com.pe\/inicio\/product\/laminilla-cubre-objeto-24-mm-x-50-mm-x-100-unds\/","title":{"rendered":"Laminilla Cubre Objeto 24 mm x 50 mm x 100 unds"},"content":{"rendered":"<p>Marca: STERIMED<br \/>\nProcedencia: CHINA<\/p>\n<p>Uso: Microscopia<br \/>\nMaterial: Vidrio Borosilicato<br \/>\nMedida: 24 x 50 mm<br \/>\nEspesor: 0.16 \u2013 0.19 mm<br \/>\nEmpaque Individual De Aluminio<br \/>\nCuenta con ISO 13485<br \/>\nN\u00famero de lote de fabricaci\u00f3n para la informaci\u00f3n general y la trazabilidad<br \/>\nCumple con los requisitos de la norma DIN 8255<br \/>\nPresentacion: Caja x 100 unds<br \/>\nCarton por 10 cajitas x 100 unds<\/p>\n","protected":false},"excerpt":{"rendered":"<p>Marca: STERIMED Procedencia: CHINA Uso: Microscopia Material: Vidrio Borosilicato Medida: 24 x 50 mm Espesor: 0.16 \u2013 0.19 mm Empaque [&hellip;]<\/p>\n","protected":false},"featured_media":3761,"comment_status":"open","ping_status":"closed","template":"","meta":{"_uag_custom_page_level_css":"","site-sidebar-layout":"default","site-content-layout":"","ast-site-content-layout":"default","site-content-style":"default","site-sidebar-style":"default","ast-global-header-display":"","ast-banner-title-visibility":"","ast-main-header-display":"","ast-hfb-above-header-display":"","ast-hfb-below-header-display":"","ast-hfb-mobile-header-display":"","site-post-title":"","ast-breadcrumbs-content":"","ast-featured-img":"","footer-sml-layout":"","theme-transparent-header-meta":"default","adv-header-id-meta":"","stick-header-meta":"","header-above-stick-meta":"","header-main-stick-meta":"","header-below-stick-meta":"","astra-migrate-meta-layouts":"set","ast-page-background-enabled":"default","ast-page-background-meta":{"desktop":{"background-color":"var(--ast-global-color-5)","background-image":"","background-repeat":"repeat","background-position":"center center","background-size":"auto","background-attachment":"scroll","background-type":"","background-media":"","overlay-type":"","overlay-color":"","overlay-opacity":"","overlay-gradient":""},"tablet":{"background-color":"","background-image":"","background-repeat":"repeat","background-position":"center center","background-size":"auto","background-attachment":"scroll","background-type":"","background-media":"","overlay-type":"","overlay-color":"","overlay-opacity":"","overlay-gradient":""},"mobile":{"background-color":"","background-image":"","background-repeat":"repeat","background-position":"center center","background-size":"auto","background-attachment":"scroll","background-type":"","background-media":"","overlay-type":"","overlay-color":"","overlay-opacity":"","overlay-gradient":""}},"ast-content-background-meta":{"desktop":{"background-color":"var(--ast-global-color-4)","background-image":"","background-repeat":"repeat","background-position":"center center","background-size":"auto","background-attachment":"scroll","background-type":"","background-media":"","overlay-type":"","overlay-color":"","overlay-opacity":"","overlay-gradient":""},"tablet":{"background-color":"var(--ast-global-color-4)","background-image":"","background-repeat":"repeat","background-position":"center center","background-size":"auto","background-attachment":"scroll","background-type":"","background-media":"","overlay-type":"","overlay-color":"","overlay-opacity":"","overlay-gradient":""},"mobile":{"background-color":"var(--ast-global-color-4)","background-image":"","background-repeat":"repeat","background-position":"center center","background-size":"auto","background-attachment":"scroll","background-type":"","background-media":"","overlay-type":"","overlay-color":"","overlay-opacity":"","overlay-gradient":""}}},"product_brand":[29],"product_cat":[28],"product_tag":[],"class_list":{"0":"post-3760","1":"product","2":"type-product","3":"status-publish","4":"has-post-thumbnail","6":"product_brand-sterimed","7":"product_cat-mat-laboratorio","8":"desktop-align-left","9":"tablet-align-left","10":"mobile-align-left","12":"first","13":"instock","14":"sale","15":"featured","16":"shipping-taxable","17":"purchasable","18":"product-type-simple"},"uagb_featured_image_src":{"full":["https:\/\/sterimed.com.pe\/wp-content\/uploads\/2025\/09\/WhatsApp-Image-2025-09-23-at-2.26.14-PM-2-e1758661237500.jpeg",632,675,false],"thumbnail":["https:\/\/sterimed.com.pe\/wp-content\/uploads\/2025\/09\/WhatsApp-Image-2025-09-23-at-2.26.14-PM-2-e1758661237500-150x150.jpeg",150,150,true],"medium":["https:\/\/sterimed.com.pe\/wp-content\/uploads\/2025\/09\/WhatsApp-Image-2025-09-23-at-2.26.14-PM-2-e1758661237500-281x300.jpeg",281,300,true],"medium_large":["https:\/\/sterimed.com.pe\/wp-content\/uploads\/2025\/09\/WhatsApp-Image-2025-09-23-at-2.26.14-PM-2-e1758661237500.jpeg",632,675,false],"large":["https:\/\/sterimed.com.pe\/wp-content\/uploads\/2025\/09\/WhatsApp-Image-2025-09-23-at-2.26.14-PM-2-e1758661237500.jpeg",632,675,false],"1536x1536":["https:\/\/sterimed.com.pe\/wp-content\/uploads\/2025\/09\/WhatsApp-Image-2025-09-23-at-2.26.14-PM-2-e1758661237500.jpeg",632,675,false],"2048x2048":["https:\/\/sterimed.com.pe\/wp-content\/uploads\/2025\/09\/WhatsApp-Image-2025-09-23-at-2.26.14-PM-2-e1758661237500.jpeg",632,675,false],"woocommerce_thumbnail":["https:\/\/sterimed.com.pe\/wp-content\/uploads\/2025\/09\/WhatsApp-Image-2025-09-23-at-2.26.14-PM-2-e1758661237500-300x300.jpeg",300,300,true],"woocommerce_single":["https:\/\/sterimed.com.pe\/wp-content\/uploads\/2025\/09\/WhatsApp-Image-2025-09-23-at-2.26.14-PM-2-e1758661237500.jpeg",632,675,false],"woocommerce_gallery_thumbnail":["https:\/\/sterimed.com.pe\/wp-content\/uploads\/2025\/09\/WhatsApp-Image-2025-09-23-at-2.26.14-PM-2-e1758661237500-100x100.jpeg",100,100,true]},"uagb_author_info":{"display_name":"","author_link":"https:\/\/sterimed.com.pe\/inicio\/author\/"},"uagb_comment_info":0,"uagb_excerpt":"Marca: STERIMED Procedencia: CHINA Uso: Microscopia Material: Vidrio Borosilicato Medida: 24 x 50 mm Espesor: 0.16 \u2013 0.19 mm Empaque [&hellip;]","_links":{"self":[{"href":"https:\/\/sterimed.com.pe\/inicio\/wp-json\/wp\/v2\/product\/3760","targetHints":{"allow":["GET"]}}],"collection":[{"href":"https:\/\/sterimed.com.pe\/inicio\/wp-json\/wp\/v2\/product"}],"about":[{"href":"https:\/\/sterimed.com.pe\/inicio\/wp-json\/wp\/v2\/types\/product"}],"replies":[{"embeddable":true,"href":"https:\/\/sterimed.com.pe\/inicio\/wp-json\/wp\/v2\/comments?post=3760"}],"wp:featuredmedia":[{"embeddable":true,"href":"https:\/\/sterimed.com.pe\/inicio\/wp-json\/wp\/v2\/media\/3761"}],"wp:attachment":[{"href":"https:\/\/sterimed.com.pe\/inicio\/wp-json\/wp\/v2\/media?parent=3760"}],"wp:term":[{"taxonomy":"product_brand","embeddable":true,"href":"https:\/\/sterimed.com.pe\/inicio\/wp-json\/wp\/v2\/product_brand?post=3760"},{"taxonomy":"product_cat","embeddable":true,"href":"https:\/\/sterimed.com.pe\/inicio\/wp-json\/wp\/v2\/product_cat?post=3760"},{"taxonomy":"product_tag","embeddable":true,"href":"https:\/\/sterimed.com.pe\/inicio\/wp-json\/wp\/v2\/product_tag?post=3760"}],"curies":[{"name":"wp","href":"https:\/\/api.w.org\/{rel}","templated":true}]}}