{"id":3754,"date":"2025-09-23T20:35:41","date_gmt":"2025-09-23T20:35:41","guid":{"rendered":"https:\/\/sterimed.com.pe\/inicio\/?post_type=product&#038;p=3754"},"modified":"2025-09-23T20:41:21","modified_gmt":"2025-09-23T20:41:21","slug":"brazelete-de-identificacion-descartable-pediatrico-c-blanco-x-100-unds","status":"publish","type":"product","link":"https:\/\/sterimed.com.pe\/inicio\/product\/brazelete-de-identificacion-descartable-pediatrico-c-blanco-x-100-unds\/","title":{"rendered":"Brazelete de Identificacion Descartable Pediatrico C\/ Blanco x 100 unds"},"content":{"rendered":"<p>Marca: STERIMED<br \/>\nProcedencia: CHINA<\/p>\n<p>Material: POLIPROPILENO Libre de l\u00e1tex<br \/>\nColor: BLANCO<br \/>\nPediatrico<br \/>\nImpermeable y Flexible<br \/>\nCon sistema de cierre con broche para proporcionar la m\u00e1xima seguridad de la informaci\u00f3n del paciente<br \/>\nSuperficie blanca para escritura.<br \/>\nCondici\u00f3n biol\u00f3gica: As\u00e9ptico, atoxico, hipoalerg\u00e9nico<br \/>\nPresentaci\u00f3n: Caja x 100 unidades.<br \/>\nCajon x 50 cajitas<\/p>\n","protected":false},"excerpt":{"rendered":"<p>Marca: STERIMED Procedencia: CHINA Material: POLIPROPILENO Libre de l\u00e1tex Color: BLANCO Pediatrico Impermeable y Flexible Con sistema de cierre con [&hellip;]<\/p>\n","protected":false},"featured_media":3755,"comment_status":"open","ping_status":"closed","template":"","meta":{"_uag_custom_page_level_css":"","site-sidebar-layout":"default","site-content-layout":"","ast-site-content-layout":"default","site-content-style":"default","site-sidebar-style":"default","ast-global-header-display":"","ast-banner-title-visibility":"","ast-main-header-display":"","ast-hfb-above-header-display":"","ast-hfb-below-header-display":"","ast-hfb-mobile-header-display":"","site-post-title":"","ast-breadcrumbs-content":"","ast-featured-img":"","footer-sml-layout":"","theme-transparent-header-meta":"default","adv-header-id-meta":"","stick-header-meta":"","header-above-stick-meta":"","header-main-stick-meta":"","header-below-stick-meta":"","astra-migrate-meta-layouts":"set","ast-page-background-enabled":"default","ast-page-background-meta":{"desktop":{"background-color":"var(--ast-global-color-5)","background-image":"","background-repeat":"repeat","background-position":"center center","background-size":"auto","background-attachment":"scroll","background-type":"","background-media":"","overlay-type":"","overlay-color":"","overlay-opacity":"","overlay-gradient":""},"tablet":{"background-color":"","background-image":"","background-repeat":"repeat","background-position":"center center","background-size":"auto","background-attachment":"scroll","background-type":"","background-media":"","overlay-type":"","overlay-color":"","overlay-opacity":"","overlay-gradient":""},"mobile":{"background-color":"","background-image":"","background-repeat":"repeat","background-position":"center center","background-size":"auto","background-attachment":"scroll","background-type":"","background-media":"","overlay-type":"","overlay-color":"","overlay-opacity":"","overlay-gradient":""}},"ast-content-background-meta":{"desktop":{"background-color":"var(--ast-global-color-4)","background-image":"","background-repeat":"repeat","background-position":"center center","background-size":"auto","background-attachment":"scroll","background-type":"","background-media":"","overlay-type":"","overlay-color":"","overlay-opacity":"","overlay-gradient":""},"tablet":{"background-color":"var(--ast-global-color-4)","background-image":"","background-repeat":"repeat","background-position":"center center","background-size":"auto","background-attachment":"scroll","background-type":"","background-media":"","overlay-type":"","overlay-color":"","overlay-opacity":"","overlay-gradient":""},"mobile":{"background-color":"var(--ast-global-color-4)","background-image":"","background-repeat":"repeat","background-position":"center center","background-size":"auto","background-attachment":"scroll","background-type":"","background-media":"","overlay-type":"","overlay-color":"","overlay-opacity":"","overlay-gradient":""}}},"product_brand":[29],"product_cat":[32],"product_tag":[],"class_list":{"0":"post-3754","1":"product","2":"type-product","3":"status-publish","4":"has-post-thumbnail","6":"product_brand-sterimed","7":"product_cat-mat-medico","8":"desktop-align-left","9":"tablet-align-left","10":"mobile-align-left","12":"first","13":"instock","14":"sale","15":"shipping-taxable","16":"purchasable","17":"product-type-simple"},"uagb_featured_image_src":{"full":["https:\/\/sterimed.com.pe\/wp-content\/uploads\/2025\/09\/brazalete-nino-blanco2021.jpeg",1203,657,false],"thumbnail":["https:\/\/sterimed.com.pe\/wp-content\/uploads\/2025\/09\/brazalete-nino-blanco2021.jpeg",150,82,false],"medium":["https:\/\/sterimed.com.pe\/wp-content\/uploads\/2025\/09\/brazalete-nino-blanco2021.jpeg",300,164,false],"medium_large":["https:\/\/sterimed.com.pe\/wp-content\/uploads\/2025\/09\/brazalete-nino-blanco2021.jpeg",768,419,false],"large":["https:\/\/sterimed.com.pe\/wp-content\/uploads\/2025\/09\/brazalete-nino-blanco2021.jpeg",1024,559,false],"1536x1536":["https:\/\/sterimed.com.pe\/wp-content\/uploads\/2025\/09\/brazalete-nino-blanco2021.jpeg",1203,657,false],"2048x2048":["https:\/\/sterimed.com.pe\/wp-content\/uploads\/2025\/09\/brazalete-nino-blanco2021.jpeg",1203,657,false],"woocommerce_thumbnail":["https:\/\/sterimed.com.pe\/wp-content\/uploads\/2025\/09\/brazalete-nino-blanco2021-300x300.jpeg",300,300,true],"woocommerce_single":["https:\/\/sterimed.com.pe\/wp-content\/uploads\/2025\/09\/brazalete-nino-blanco2021.jpeg",900,492,false],"woocommerce_gallery_thumbnail":["https:\/\/sterimed.com.pe\/wp-content\/uploads\/2025\/09\/brazalete-nino-blanco2021-100x100.jpeg",100,100,true]},"uagb_author_info":{"display_name":"","author_link":"https:\/\/sterimed.com.pe\/inicio\/author\/"},"uagb_comment_info":0,"uagb_excerpt":"Marca: STERIMED Procedencia: CHINA Material: POLIPROPILENO Libre de l\u00e1tex Color: BLANCO Pediatrico Impermeable y Flexible Con sistema de cierre con [&hellip;]","_links":{"self":[{"href":"https:\/\/sterimed.com.pe\/inicio\/wp-json\/wp\/v2\/product\/3754","targetHints":{"allow":["GET"]}}],"collection":[{"href":"https:\/\/sterimed.com.pe\/inicio\/wp-json\/wp\/v2\/product"}],"about":[{"href":"https:\/\/sterimed.com.pe\/inicio\/wp-json\/wp\/v2\/types\/product"}],"replies":[{"embeddable":true,"href":"https:\/\/sterimed.com.pe\/inicio\/wp-json\/wp\/v2\/comments?post=3754"}],"wp:featuredmedia":[{"embeddable":true,"href":"https:\/\/sterimed.com.pe\/inicio\/wp-json\/wp\/v2\/media\/3755"}],"wp:attachment":[{"href":"https:\/\/sterimed.com.pe\/inicio\/wp-json\/wp\/v2\/media?parent=3754"}],"wp:term":[{"taxonomy":"product_brand","embeddable":true,"href":"https:\/\/sterimed.com.pe\/inicio\/wp-json\/wp\/v2\/product_brand?post=3754"},{"taxonomy":"product_cat","embeddable":true,"href":"https:\/\/sterimed.com.pe\/inicio\/wp-json\/wp\/v2\/product_cat?post=3754"},{"taxonomy":"product_tag","embeddable":true,"href":"https:\/\/sterimed.com.pe\/inicio\/wp-json\/wp\/v2\/product_tag?post=3754"}],"curies":[{"name":"wp","href":"https:\/\/api.w.org\/{rel}","templated":true}]}}