{"id":3585,"date":"2025-09-23T14:00:59","date_gmt":"2025-09-23T14:00:59","guid":{"rendered":"https:\/\/sterimed.com.pe\/?page_id=3585"},"modified":"2025-09-23T15:16:42","modified_gmt":"2025-09-23T15:16:42","slug":"nosotros","status":"publish","type":"page","link":"https:\/\/sterimed.com.pe\/inicio\/nosotros\/","title":{"rendered":"Nosotros"},"content":{"rendered":"\n<div class=\"wp-block-uagb-container uagb-block-yjcrbqhx alignfull uagb-is-root-container\"><div class=\"uagb-container-inner-blocks-wrap\">\n<div class=\"wp-block-uagb-info-box uagb-block-qpjzvv6g uagb-infobox__content-wrap  uagb-infobox-icon-above-title uagb-infobox-image-valign-top\"><div class=\"uagb-ifb-content\"><div class=\"uagb-ifb-title-wrap\"><h1 class=\"uagb-ifb-title\"><strong>Nosotros<\/strong><\/h1><\/div><\/div><\/div>\n\n\n\n<div class=\"wp-block-uagb-info-box uagb-block-wntbhfhf uagb-infobox__content-wrap  uagb-infobox-icon-above-title uagb-infobox-image-valign-top\"><div class=\"uagb-ifb-content\"><div class=\"uagb-ifb-title-wrap\"><\/div><p class=\"uagb-ifb-desc\"><strong>En esta p\u00e1gina, descubrir\u00e1s qui\u00e9nes somos, nuestra misi\u00f3n y visi\u00f3n<\/strong><\/p><\/div><\/div>\n<\/div><\/div>\n\n\n\n<p><\/p>\n\n\n\n<p class=\"has-text-align-center has-ast-global-color-5-background-color has-background has-medium-font-size\" style=\"line-height:0.2\"><strong>Bienvenidos a STERIMED E.I.R.L.<\/strong><\/p>\n\n\n\n<div class=\"wp-block-columns has-ast-global-color-5-background-color has-background is-layout-flex wp-container-core-columns-is-layout-28f84493 wp-block-columns-is-layout-flex\">\n<div class=\"wp-block-column is-layout-flow wp-block-column-is-layout-flow\">\n<figure class=\"wp-block-image size-full\"><img loading=\"lazy\" decoding=\"async\" width=\"810\" height=\"464\" src=\"https:\/\/sterimed.com.pe\/wp-content\/uploads\/2025\/09\/materiales-e-instrumentos-laboratorio-quimico.jpg\" alt=\"\" class=\"wp-image-3594\"\/><\/figure>\n<\/div>\n\n\n\n<div class=\"wp-block-column is-layout-flow wp-block-column-is-layout-flow\">\n<p class=\"has-medium-font-size\"><strong>Acerca de Nosotros<\/strong><\/p>\n\n\n\n<p><strong>STERIMED EIRL<\/strong>. es una empresa especializada en la importaci\u00f3n, comercializaci\u00f3n, distribuci\u00f3n de insumos y suministros para aplicaciones de Diagn\u00f3stico In Vitro, Microbiolog\u00eda y Material Medico en general.<\/p>\n\n\n\n<p>Desde su fundaci\u00f3n nuestra empresa ha experimentado un r\u00e1pido crecimiento hasta convertirse en lo que es hoy. Distribuyendo productos de calidad.<\/p>\n<\/div>\n<\/div>\n\n\n\n<div class=\"wp-block-columns has-ast-global-color-5-background-color has-background is-layout-flex wp-container-core-columns-is-layout-28f84493 wp-block-columns-is-layout-flex\">\n<div class=\"wp-block-column is-layout-flow wp-block-column-is-layout-flow\">\n<p class=\"has-medium-font-size\"><strong>Misi\u00f3n<\/strong><\/p>\n\n\n\n<p>En <strong>STERIMED EIRL<\/strong>, nuestra misi\u00f3n es proporcionar insumos y suministros m\u00e9dicos de alta calidad que cumplan con los est\u00e1ndares ISO 13485. Nos comprometemos a ofrecer un servicio confiable y eficiente a nuestros clientes, apoyando as\u00ed el trabajo de profesionales de la salud y contribuyendo al bienestar de la comunidad.<\/p>\n<\/div>\n\n\n\n<div class=\"wp-block-column is-layout-flow wp-block-column-is-layout-flow\">\n<figure class=\"wp-block-image size-full\"><img loading=\"lazy\" decoding=\"async\" width=\"750\" height=\"410\" src=\"https:\/\/sterimed.com.pe\/wp-content\/uploads\/2025\/09\/instrumentos-de-laboratorio-3-4.jpg\" alt=\"\" class=\"wp-image-3597\"\/><\/figure>\n<\/div>\n<\/div>\n\n\n\n<div class=\"wp-block-columns has-ast-global-color-5-background-color has-background is-layout-flex wp-container-core-columns-is-layout-28f84493 wp-block-columns-is-layout-flex\">\n<div class=\"wp-block-column is-layout-flow wp-block-column-is-layout-flow\">\n<figure class=\"wp-block-image size-full is-resized\"><img loading=\"lazy\" decoding=\"async\" width=\"800\" height=\"540\" src=\"https:\/\/sterimed.com.pe\/wp-content\/uploads\/2025\/09\/materiales-de-laboratorio-2025.jpg\" alt=\"\" class=\"wp-image-3602\" style=\"object-fit:cover;width:550px;height:250px\"\/><\/figure>\n<\/div>\n\n\n\n<div class=\"wp-block-column is-layout-flow wp-block-column-is-layout-flow\">\n<p class=\"has-medium-font-size\"><strong>Visi\u00f3n<\/strong><\/p>\n\n\n\n<p>Ser reconocidos como l\u00edderes en la importaci\u00f3n y distribuci\u00f3n de productos de laboratorio y m\u00e9dico en Per\u00fa, destac\u00e1ndonos por nuestra innovaci\u00f3n constante, compromiso con la calidad y atenci\u00f3n al cliente. Aspiramos a ser el socio preferido para las instituciones de salud que buscan soluciones efectivas y seguras para sus necesidades m\u00e9dicas.<\/p>\n<\/div>\n<\/div>\n\n\n\n<div class=\"wp-block-columns has-ast-global-color-5-background-color has-background is-layout-flex wp-container-core-columns-is-layout-28f84493 wp-block-columns-is-layout-flex\">\n<div class=\"wp-block-column is-layout-flow wp-block-column-is-layout-flow\">\n<p class=\"has-text-align-center\"><a href=\"https:\/\/sterimed.com.pe\/productos\/\" target=\"_blank\" rel=\"noreferrer noopener\"><strong>\u25cf Productos 100% Garantizados<\/strong><\/a><\/p>\n<\/div>\n\n\n\n<div class=\"wp-block-column is-layout-flow wp-block-column-is-layout-flow\">\n<p class=\"has-text-align-center\"><a href=\"https:\/\/sterimed.com.pe\/nosotros\/\" target=\"_blank\" rel=\"noreferrer noopener\"><\/a><a href=\"https:\/\/sterimed.com.pe\/nosotros\/\" target=\"_blank\" rel=\"noreferrer noopener\"><strong>\u25cf Somos Importadores Directos<\/strong><\/a><\/p>\n<\/div>\n\n\n\n<div class=\"wp-block-column is-layout-flow wp-block-column-is-layout-flow\">\n<p class=\"has-text-align-center\"><a href=\"https:\/\/sterimed.com.pe\/clientes\/\" target=\"_blank\" rel=\"noreferrer noopener\"><strong>\u25cf Delivery a todo el Per\u00fa<\/strong><\/a><\/p>\n<\/div>\n<\/div>\n\n\n\n<p><\/p>\n","protected":false},"excerpt":{"rendered":"<p>Bienvenidos a STERIMED E.I.R.L. Acerca de Nosotros STERIMED EIRL. es una empresa especializada en la importaci\u00f3n, comercializaci\u00f3n, distribuci\u00f3n de insumos [&hellip;]<\/p>\n","protected":false},"author":1,"featured_media":0,"parent":0,"menu_order":0,"comment_status":"closed","ping_status":"closed","template":"","meta":{"_uag_custom_page_level_css":"","site-sidebar-layout":"default","site-content-layout":"","ast-site-content-layout":"default","site-content-style":"default","site-sidebar-style":"default","ast-global-header-display":"","ast-banner-title-visibility":"","ast-main-header-display":"","ast-hfb-above-header-display":"","ast-hfb-below-header-display":"","ast-hfb-mobile-header-display":"","site-post-title":"disabled","ast-breadcrumbs-content":"","ast-featured-img":"","footer-sml-layout":"","theme-transparent-header-meta":"","adv-header-id-meta":"","stick-header-meta":"","header-above-stick-meta":"","header-main-stick-meta":"","header-below-stick-meta":"","astra-migrate-meta-layouts":"default","ast-page-background-enabled":"default","ast-page-background-meta":{"desktop":{"background-color":"var(--ast-global-color-5)","background-image":"","background-repeat":"repeat","background-position":"center center","background-size":"auto","background-attachment":"scroll","background-type":"","background-media":"","overlay-type":"","overlay-color":"","overlay-opacity":"","overlay-gradient":""},"tablet":{"background-color":"","background-image":"","background-repeat":"repeat","background-position":"center center","background-size":"auto","background-attachment":"scroll","background-type":"","background-media":"","overlay-type":"","overlay-color":"","overlay-opacity":"","overlay-gradient":""},"mobile":{"background-color":"","background-image":"","background-repeat":"repeat","background-position":"center center","background-size":"auto","background-attachment":"scroll","background-type":"","background-media":"","overlay-type":"","overlay-color":"","overlay-opacity":"","overlay-gradient":""}},"ast-content-background-meta":{"desktop":{"background-color":"var(--ast-global-color-4)","background-image":"","background-repeat":"repeat","background-position":"center center","background-size":"auto","background-attachment":"scroll","background-type":"","background-media":"","overlay-type":"","overlay-color":"","overlay-opacity":"","overlay-gradient":""},"tablet":{"background-color":"var(--ast-global-color-4)","background-image":"","background-repeat":"repeat","background-position":"center center","background-size":"auto","background-attachment":"scroll","background-type":"","background-media":"","overlay-type":"","overlay-color":"","overlay-opacity":"","overlay-gradient":""},"mobile":{"background-color":"var(--ast-global-color-4)","background-image":"","background-repeat":"repeat","background-position":"center center","background-size":"auto","background-attachment":"scroll","background-type":"","background-media":"","overlay-type":"","overlay-color":"","overlay-opacity":"","overlay-gradient":""}},"footnotes":""},"class_list":["post-3585","page","type-page","status-publish","hentry"],"uagb_featured_image_src":{"full":false,"thumbnail":false,"medium":false,"medium_large":false,"large":false,"1536x1536":false,"2048x2048":false,"woocommerce_thumbnail":false,"woocommerce_single":false,"woocommerce_gallery_thumbnail":false},"uagb_author_info":{"display_name":"","author_link":"https:\/\/sterimed.com.pe\/inicio\/author\/micky682gmail-com\/"},"uagb_comment_info":0,"uagb_excerpt":"Bienvenidos a STERIMED E.I.R.L. Acerca de Nosotros STERIMED EIRL. es una empresa especializada en la importaci\u00f3n, comercializaci\u00f3n, distribuci\u00f3n de insumos [&hellip;]","_links":{"self":[{"href":"https:\/\/sterimed.com.pe\/inicio\/wp-json\/wp\/v2\/pages\/3585","targetHints":{"allow":["GET"]}}],"collection":[{"href":"https:\/\/sterimed.com.pe\/inicio\/wp-json\/wp\/v2\/pages"}],"about":[{"href":"https:\/\/sterimed.com.pe\/inicio\/wp-json\/wp\/v2\/types\/page"}],"author":[{"embeddable":true,"href":"https:\/\/sterimed.com.pe\/inicio\/wp-json\/wp\/v2\/users\/1"}],"replies":[{"embeddable":true,"href":"https:\/\/sterimed.com.pe\/inicio\/wp-json\/wp\/v2\/comments?post=3585"}],"version-history":[{"count":20,"href":"https:\/\/sterimed.com.pe\/inicio\/wp-json\/wp\/v2\/pages\/3585\/revisions"}],"predecessor-version":[{"id":3710,"href":"https:\/\/sterimed.com.pe\/inicio\/wp-json\/wp\/v2\/pages\/3585\/revisions\/3710"}],"wp:attachment":[{"href":"https:\/\/sterimed.com.pe\/inicio\/wp-json\/wp\/v2\/media?parent=3585"}],"curies":[{"name":"wp","href":"https:\/\/api.w.org\/{rel}","templated":true}]}}