{"id":3567,"date":"2025-09-23T04:54:09","date_gmt":"2025-09-23T04:54:09","guid":{"rendered":"https:\/\/sterimed.com.pe\/?page_id=3567"},"modified":"2025-09-23T18:40:04","modified_gmt":"2025-09-23T18:40:04","slug":"clientes","status":"publish","type":"page","link":"https:\/\/sterimed.com.pe\/inicio\/clientes\/","title":{"rendered":"Clientes"},"content":{"rendered":"\n<div class=\"wp-block-uagb-container uagb-block-ld3otdgx alignfull uagb-is-root-container\"><div class=\"uagb-container-inner-blocks-wrap\">\n<div class=\"wp-block-uagb-info-box uagb-block-4s2hztgf uagb-infobox__content-wrap  uagb-infobox-icon-above-title uagb-infobox-image-valign-top\"><div class=\"uagb-ifb-content\"><div class=\"uagb-ifb-title-wrap\"><h1 class=\"uagb-ifb-title\"><strong>Clientes<\/strong><\/h1><\/div><\/div><\/div>\n\n\n\n<div class=\"wp-block-uagb-info-box uagb-block-7surcnrc uagb-infobox__content-wrap  uagb-infobox-icon-above-title uagb-infobox-image-valign-top\"><div class=\"uagb-ifb-content\"><div class=\"uagb-ifb-title-wrap\"><\/div><p class=\"uagb-ifb-desc\"><strong>Estamos aqu\u00ed para ayudarles en todo momento y asegurarles el acceso a los mejores productos disponibles en el mercado<\/strong><\/p><\/div><\/div>\n<\/div><\/div>\n\n\n\n<p><\/p>\n\n\n\n<p class=\"has-ast-global-color-5-background-color has-background\">Nuestros clientes prefieren los productos de alta calidad, sino tambi\u00e9n un producto de calidad. Nos esforzamos por atender las necesidades espec\u00edficas de cada uno de ustedes, los profesionales del sector salud e instituciones m\u00e9dicas.<\/p>\n\n\n\n<div class=\"wp-block-columns has-ast-global-color-5-background-color has-background is-layout-flex wp-container-core-columns-is-layout-28f84493 wp-block-columns-is-layout-flex\">\n<div class=\"wp-block-column is-layout-flow wp-block-column-is-layout-flow\">\n<figure class=\"wp-block-image aligncenter size-full is-resized\"><img loading=\"lazy\" decoding=\"async\" width=\"432\" height=\"348\" src=\"https:\/\/sterimed.com.pe\/wp-content\/uploads\/2025\/09\/esslaudlogo-2.jpg\" alt=\"\" class=\"wp-image-3572\" style=\"width:218px;height:auto\"\/><\/figure>\n<\/div>\n\n\n\n<div class=\"wp-block-column is-layout-flow wp-block-column-is-layout-flow\">\n<figure class=\"wp-block-image aligncenter size-full is-resized\"><img loading=\"lazy\" decoding=\"async\" width=\"673\" height=\"337\" src=\"https:\/\/sterimed.com.pe\/wp-content\/uploads\/2025\/09\/diresahuanuco-2.png\" alt=\"\" class=\"wp-image-3573\" style=\"width:315px;height:auto\"\/><\/figure>\n<\/div>\n<\/div>\n\n\n\n<div class=\"wp-block-columns has-ast-global-color-5-background-color has-background is-layout-flex wp-container-core-columns-is-layout-28f84493 wp-block-columns-is-layout-flex\">\n<div class=\"wp-block-column is-layout-flow wp-block-column-is-layout-flow\">\n<figure class=\"wp-block-image aligncenter size-full is-resized\"><img loading=\"lazy\" decoding=\"async\" width=\"314\" height=\"175\" src=\"https:\/\/sterimed.com.pe\/wp-content\/uploads\/2025\/09\/biomaxin-2.png\" alt=\"\" class=\"wp-image-3574\" style=\"width:218px;height:auto\"\/><\/figure>\n<\/div>\n\n\n\n<div class=\"wp-block-column is-layout-flow wp-block-column-is-layout-flow\">\n<figure class=\"wp-block-image aligncenter size-full is-resized\"><img loading=\"lazy\" decoding=\"async\" width=\"339\" height=\"228\" src=\"https:\/\/sterimed.com.pe\/wp-content\/uploads\/2025\/09\/grupodys-2.png\" alt=\"\" class=\"wp-image-3575\" style=\"width:194px;height:auto\"\/><\/figure>\n<\/div>\n<\/div>\n\n\n\n<div class=\"wp-block-columns has-ast-global-color-5-background-color has-background is-layout-flex wp-container-core-columns-is-layout-28f84493 wp-block-columns-is-layout-flex\">\n<div class=\"wp-block-column is-layout-flow wp-block-column-is-layout-flow\">\n<figure class=\"wp-block-image aligncenter size-full is-resized\"><img loading=\"lazy\" decoding=\"async\" width=\"336\" height=\"275\" src=\"https:\/\/sterimed.com.pe\/wp-content\/uploads\/2025\/09\/labcemedic-3.png\" alt=\"\" class=\"wp-image-3577\" style=\"width:168px;height:auto\"\/><\/figure>\n<\/div>\n\n\n\n<div class=\"wp-block-column is-layout-flow wp-block-column-is-layout-flow\">\n<figure class=\"wp-block-image aligncenter size-full is-resized\"><img loading=\"lazy\" decoding=\"async\" width=\"460\" height=\"435\" src=\"https:\/\/sterimed.com.pe\/wp-content\/uploads\/2025\/09\/bayomed-removebg-preview-2.png\" alt=\"\" class=\"wp-image-3578\" style=\"width:164px;height:auto\"\/><\/figure>\n<\/div>\n<\/div>\n\n\n\n<div class=\"wp-block-columns has-ast-global-color-5-background-color has-background is-layout-flex wp-container-core-columns-is-layout-28f84493 wp-block-columns-is-layout-flex\">\n<div class=\"wp-block-column is-layout-flow wp-block-column-is-layout-flow\">\n<p class=\"has-text-align-center\"><a href=\"https:\/\/sterimed.com.pe\/productos\/\" target=\"_blank\" rel=\"noreferrer noopener\"><strong>\u25cf Productos 100% Garantizados<\/strong><\/a><\/p>\n<\/div>\n\n\n\n<div class=\"wp-block-column is-layout-flow wp-block-column-is-layout-flow\">\n<p class=\"has-text-align-center\"><a href=\"https:\/\/sterimed.com.pe\/nosotros\/\" target=\"_blank\" rel=\"noreferrer noopener\"><\/a><a href=\"https:\/\/sterimed.com.pe\/nosotros\/\" target=\"_blank\" rel=\"noreferrer noopener\"><strong>\u25cf Somos Importadores Directos<\/strong><\/a><\/p>\n<\/div>\n\n\n\n<div class=\"wp-block-column is-layout-flow wp-block-column-is-layout-flow\">\n<p class=\"has-text-align-center\"><a href=\"https:\/\/sterimed.com.pe\/clientes\/\" target=\"_blank\" rel=\"noreferrer noopener\"><strong>\u25cf Delivery a todo el Per\u00fa<\/strong><\/a><\/p>\n<\/div>\n<\/div>\n","protected":false},"excerpt":{"rendered":"<p>Nuestros clientes prefieren los productos de alta calidad, sino tambi\u00e9n un producto de calidad. Nos esforzamos por atender las necesidades [&hellip;]<\/p>\n","protected":false},"author":1,"featured_media":0,"parent":0,"menu_order":0,"comment_status":"closed","ping_status":"closed","template":"","meta":{"_uag_custom_page_level_css":"","site-sidebar-layout":"default","site-content-layout":"","ast-site-content-layout":"default","site-content-style":"default","site-sidebar-style":"default","ast-global-header-display":"","ast-banner-title-visibility":"","ast-main-header-display":"","ast-hfb-above-header-display":"","ast-hfb-below-header-display":"","ast-hfb-mobile-header-display":"","site-post-title":"disabled","ast-breadcrumbs-content":"","ast-featured-img":"","footer-sml-layout":"","theme-transparent-header-meta":"","adv-header-id-meta":"","stick-header-meta":"","header-above-stick-meta":"","header-main-stick-meta":"","header-below-stick-meta":"","astra-migrate-meta-layouts":"default","ast-page-background-enabled":"default","ast-page-background-meta":{"desktop":{"background-color":"var(--ast-global-color-5)","background-image":"","background-repeat":"repeat","background-position":"center center","background-size":"auto","background-attachment":"scroll","background-type":"","background-media":"","overlay-type":"","overlay-color":"","overlay-opacity":"","overlay-gradient":""},"tablet":{"background-color":"","background-image":"","background-repeat":"repeat","background-position":"center center","background-size":"auto","background-attachment":"scroll","background-type":"","background-media":"","overlay-type":"","overlay-color":"","overlay-opacity":"","overlay-gradient":""},"mobile":{"background-color":"","background-image":"","background-repeat":"repeat","background-position":"center center","background-size":"auto","background-attachment":"scroll","background-type":"","background-media":"","overlay-type":"","overlay-color":"","overlay-opacity":"","overlay-gradient":""}},"ast-content-background-meta":{"desktop":{"background-color":"var(--ast-global-color-4)","background-image":"","background-repeat":"repeat","background-position":"center center","background-size":"auto","background-attachment":"scroll","background-type":"","background-media":"","overlay-type":"","overlay-color":"","overlay-opacity":"","overlay-gradient":""},"tablet":{"background-color":"var(--ast-global-color-4)","background-image":"","background-repeat":"repeat","background-position":"center center","background-size":"auto","background-attachment":"scroll","background-type":"","background-media":"","overlay-type":"","overlay-color":"","overlay-opacity":"","overlay-gradient":""},"mobile":{"background-color":"var(--ast-global-color-4)","background-image":"","background-repeat":"repeat","background-position":"center center","background-size":"auto","background-attachment":"scroll","background-type":"","background-media":"","overlay-type":"","overlay-color":"","overlay-opacity":"","overlay-gradient":""}},"footnotes":""},"class_list":["post-3567","page","type-page","status-publish","hentry"],"uagb_featured_image_src":{"full":false,"thumbnail":false,"medium":false,"medium_large":false,"large":false,"1536x1536":false,"2048x2048":false,"woocommerce_thumbnail":false,"woocommerce_single":false,"woocommerce_gallery_thumbnail":false},"uagb_author_info":{"display_name":"","author_link":"https:\/\/sterimed.com.pe\/inicio\/author\/micky682gmail-com\/"},"uagb_comment_info":0,"uagb_excerpt":"Nuestros clientes prefieren los productos de alta calidad, sino tambi\u00e9n un producto de calidad. Nos esforzamos por atender las necesidades [&hellip;]","_links":{"self":[{"href":"https:\/\/sterimed.com.pe\/inicio\/wp-json\/wp\/v2\/pages\/3567","targetHints":{"allow":["GET"]}}],"collection":[{"href":"https:\/\/sterimed.com.pe\/inicio\/wp-json\/wp\/v2\/pages"}],"about":[{"href":"https:\/\/sterimed.com.pe\/inicio\/wp-json\/wp\/v2\/types\/page"}],"author":[{"embeddable":true,"href":"https:\/\/sterimed.com.pe\/inicio\/wp-json\/wp\/v2\/users\/1"}],"replies":[{"embeddable":true,"href":"https:\/\/sterimed.com.pe\/inicio\/wp-json\/wp\/v2\/comments?post=3567"}],"version-history":[{"count":9,"href":"https:\/\/sterimed.com.pe\/inicio\/wp-json\/wp\/v2\/pages\/3567\/revisions"}],"predecessor-version":[{"id":3712,"href":"https:\/\/sterimed.com.pe\/inicio\/wp-json\/wp\/v2\/pages\/3567\/revisions\/3712"}],"wp:attachment":[{"href":"https:\/\/sterimed.com.pe\/inicio\/wp-json\/wp\/v2\/media?parent=3567"}],"curies":[{"name":"wp","href":"https:\/\/api.w.org\/{rel}","templated":true}]}}